{"id":10,"date":"2022-01-29T11:03:35","date_gmt":"2022-01-29T10:03:35","guid":{"rendered":"https:\/\/www.hauenstein-gmbh.de\/unternehmen\/"},"modified":"2022-01-30T12:38:22","modified_gmt":"2022-01-30T11:38:22","slug":"unternehmen","status":"publish","type":"page","link":"https:\/\/www.hauenstein-gmbh.de\/en\/unternehmen\/","title":{"rendered":"company"},"content":{"rendered":"<p>Hauenstein Fleischereimaschinen GmbH is a family business that has specialized in overhauling and selling meat processing machines since 1970.<\/p>\n\n\n\n<p>Our product range includes the following machine types from well-known manufacturers:<\/p>\n\n\n\n<ul class=\"wp-block-list\"><li>Cutters from 20 \u2013 750 liters<\/li><li>Meat grinders from 82 \u2013 200 mm<\/li><li>Sausage filling machines (vacuum\/piston)<\/li><li>injectors<\/li><li>Tumblers - mixing machines<\/li><li>and much more<\/li><\/ul>\n\n\n\n<p>In these 40 years we have built up a customer base that extends far beyond Germany&#039;s borders. These include customers from North and South America, Asia, Africa, Indonesia, Australia, Eastern Europe and of course from the EU. Since we have always distinguished ourselves through quality and reliability, many of our customers are happy to use our machines and our service again.<\/p>\n\n\n\n<p>We mainly deal with the purchase and sale of used meat processing machines.<br>Depending on the condition and condition of the machines, they will be overhauled by our specialist staff,<br>ie the machine is completely dismantled, machine stands and parts are derusted and cleaned,<br>polished and painted and then reassembled from scratch.<br>All wearing parts such as ball bearings, seals, V-belts, etc. are replaced with new ones.<br>Only after this effort do we speak of a complete overhaul.<\/p>\n\n\n\n<p>If you would like to convince yourself of our machines, we would be very happy to welcome you personally.<\/p>","protected":false},"excerpt":{"rendered":"<p>Die Hauenstein Fleischereimaschinen GmbH ist ein Familienunternehmen, das sich seit 1970 auf die \u00dcberholung und den Handel von Fleischereimaschinen spezialisiert hat. Zu unserer Produktpalette geh\u00f6ren folgende Maschinentypen namhafter Hersteller: Kutter von 20 &#8211; 750 Liter Fleischw\u00f6lfe von 82 &#8211; 200 mm Wurstf\u00fcllmaschinen (Vakuum\/Kolben) Injektoren Poltermaschinen (Tumbler) &#8211; Mischmaschinen uvm. In diesen 40 Jahren haben wir [&hellip;]<\/p>\n","protected":false},"author":1,"featured_media":0,"parent":0,"menu_order":3,"comment_status":"closed","ping_status":"closed","template":"","meta":{"footnotes":""},"class_list":["post-10","page","type-page","status-publish","hentry"],"acf":[],"jetpack_sharing_enabled":true,"_links":{"self":[{"href":"https:\/\/www.hauenstein-gmbh.de\/en\/wp-json\/wp\/v2\/pages\/10","targetHints":{"allow":["GET"]}}],"collection":[{"href":"https:\/\/www.hauenstein-gmbh.de\/en\/wp-json\/wp\/v2\/pages"}],"about":[{"href":"https:\/\/www.hauenstein-gmbh.de\/en\/wp-json\/wp\/v2\/types\/page"}],"author":[{"embeddable":true,"href":"https:\/\/www.hauenstein-gmbh.de\/en\/wp-json\/wp\/v2\/users\/1"}],"replies":[{"embeddable":true,"href":"https:\/\/www.hauenstein-gmbh.de\/en\/wp-json\/wp\/v2\/comments?post=10"}],"version-history":[{"count":2,"href":"https:\/\/www.hauenstein-gmbh.de\/en\/wp-json\/wp\/v2\/pages\/10\/revisions"}],"predecessor-version":[{"id":95,"href":"https:\/\/www.hauenstein-gmbh.de\/en\/wp-json\/wp\/v2\/pages\/10\/revisions\/95"}],"wp:attachment":[{"href":"https:\/\/www.hauenstein-gmbh.de\/en\/wp-json\/wp\/v2\/media?parent=10"}],"curies":[{"name":"wp","href":"https:\/\/api.w.org\/{rel}","templated":true}]}}