{"id":21,"date":"2022-01-29T11:17:28","date_gmt":"2022-01-29T10:17:28","guid":{"rendered":"https:\/\/www.hauenstein-gmbh.de\/?page_id=21"},"modified":"2024-04-08T13:24:50","modified_gmt":"2024-04-08T11:24:50","slug":"willkommen","status":"publish","type":"page","link":"https:\/\/www.hauenstein-gmbh.de\/en\/","title":{"rendered":""},"content":{"rendered":"<p>Willkommen bei <\/p>\n\n\n\n<p class=\"has-large-font-size\"><strong><mark style=\"background-color:rgba(0, 0, 0, 0)\" class=\"has-inline-color has-vivid-red-color\">HAUENSTEIN FLEISCHEREIMASCHINEN GMBH<\/mark><\/strong><\/p>\n\n\n\n<p class=\"translation-block\">Hauenstein Fleischereimaschinen GmbH is a family owned business that has specialized in overhauling and selling meat processing machines since 1970.\nOur product range includes the following machine types from well-known manufacturers:<\/p>\n\n\n\n<ul class=\"wp-block-list\">\n<li>Cutters from 20 \u2013 750 liters<\/li>\n\n\n\n<li>Meat grinders from 82 \u2013 200 mm<\/li>\n\n\n\n<li>Sausage filling machines (vacuum\/piston)<\/li>\n\n\n\n<li>injectors<\/li>\n\n\n\n<li>Tumblers - mixing machines<\/li>\n\n\n\n<li>and much more<\/li>\n<\/ul>\n\n\n\n<p class=\"translation-block\">In these 55 years we have built up a customer base that extends far beyond Germany's borders. These include customers from North and South America, Asia, Africa, Indonesia, Australia, Eastern Europe and of course from the EU. Since we have always distinguished ourselves through quality and reliability, many of our customers are happy to use our machines and our service again.<\/p>\n\n\n\n<p class=\"translation-block\">We mainly deal with the purchase and sale of used meat processing machines.\nDepending on the condition and condition of the machines, they will be overhauled by our specialist staff,\nif the machine is completely dismantled, machine stands and parts are derusted and cleaned,\nblasted with glass beads and then reassembled from scratch..\nAll wearing parts such as ball bearings, seals, V-belts, etc. are replaced with new ones.\nOnly after this effort do we speak of a complete overhaul.<\/p>\n\n\n\n<p>If you would like to convince yourself of our machines, we would be very happy to welcome you personally.<\/p>\n\n\n\n<p><\/p>","protected":false},"excerpt":{"rendered":"<p>Willkommen bei HAUENSTEIN FLEISCHEREIMASCHINEN GMBH Die Hauenstein Fleischereimaschinen GmbH ist ein Familienunternehmen, das sich seit 1969 auf die \u00dcberholungund den Handel von Fleischereimaschinen spezialisiert hat.Zu unserer Produktpalette geh\u00f6ren folgende Maschinentypen namhafter Hersteller: In diesen 55 Jahren haben wir uns einen Kundenstamm aufgebaut, der weit \u00fcber Deutschlands Grenzen hinaus reicht.Dazu z\u00e4hlen Kunden aus Nord- und S\u00fcdamerika, [&hellip;]<\/p>\n","protected":false},"author":1,"featured_media":0,"parent":0,"menu_order":0,"comment_status":"closed","ping_status":"closed","template":"","meta":{"footnotes":""},"class_list":["post-21","page","type-page","status-publish","hentry"],"acf":[],"jetpack_sharing_enabled":true,"_links":{"self":[{"href":"https:\/\/www.hauenstein-gmbh.de\/en\/wp-json\/wp\/v2\/pages\/21","targetHints":{"allow":["GET"]}}],"collection":[{"href":"https:\/\/www.hauenstein-gmbh.de\/en\/wp-json\/wp\/v2\/pages"}],"about":[{"href":"https:\/\/www.hauenstein-gmbh.de\/en\/wp-json\/wp\/v2\/types\/page"}],"author":[{"embeddable":true,"href":"https:\/\/www.hauenstein-gmbh.de\/en\/wp-json\/wp\/v2\/users\/1"}],"replies":[{"embeddable":true,"href":"https:\/\/www.hauenstein-gmbh.de\/en\/wp-json\/wp\/v2\/comments?post=21"}],"version-history":[{"count":28,"href":"https:\/\/www.hauenstein-gmbh.de\/en\/wp-json\/wp\/v2\/pages\/21\/revisions"}],"predecessor-version":[{"id":758,"href":"https:\/\/www.hauenstein-gmbh.de\/en\/wp-json\/wp\/v2\/pages\/21\/revisions\/758"}],"wp:attachment":[{"href":"https:\/\/www.hauenstein-gmbh.de\/en\/wp-json\/wp\/v2\/media?parent=21"}],"curies":[{"name":"wp","href":"https:\/\/api.w.org\/{rel}","templated":true}]}}